{"id":9,"date":"2016-07-23T23:28:20","date_gmt":"2016-07-24T03:28:20","guid":{"rendered":"http:\/\/advancedbassin.com\/?page_id=9"},"modified":"2024-06-11T13:27:58","modified_gmt":"2024-06-11T17:27:58","slug":"prices","status":"publish","type":"page","link":"https:\/\/advancedbassin.com\/fr\/prices\/","title":{"rendered":"Tarifs"},"content":{"rendered":"<p><\/p>\n<div class=\"col-left\">\n<div class=\"page-header\">\n<h1>Horaire et tarifs d&rsquo;<em>Advanced Bassin&rsquo; Plus<\/em><\/h1>\n<\/div>\n<p><em>Advanced Bassin&rsquo; Plus<\/em> est heureux d&rsquo;offrir des excursions de p\u00eache d&rsquo;une journ\u00e9e ou d&rsquo;une demi-journ\u00e9e.<br \/>\nPour plus d&rsquo;informations sur les lieux de p\u00eache, les saisons et les esp\u00e8ces, consultez la\u00a0page <a href=\"\/locations\">destinations<\/a>.<\/p>\n<h2 class=\"arrow-header\">P\u00eache guid\u00e9e<\/h2>\n<table class=\"rates-table\">\n<tbody>\n<tr>\n<th>Excursion d&rsquo;une journ\u00e9e<\/th>\n<th>Excursion d&rsquo;une demi-journ\u00e9e<\/th>\n<\/tr>\n<tr>\n<td>8 heures<\/td>\n<td>4 heures<\/td>\n<\/tr>\n<tr>\n<td><strong>525,00$<\/strong><\/td>\n<td><strong>425,00$<\/strong><\/td>\n<\/tr>\n<\/tbody>\n<\/table>\n<p>* Les tarifs sont pour 2 personnes avec un suppl\u00e9ment de 100$ pour une troisi\u00e8me personne.<br \/>\n* Les plus grands groupes sont accept\u00e9s avec une r\u00e9servation faite \u00e0 l&rsquo;avance.<br \/>\nCommuniquez avec nous pour vous informer des tarifs de groupe.<\/p>\n<p><big><strong>\u2706<\/strong><\/big> T\u00e9l\u00e9phone: 514-696-1741 ou 514-944-5338<\/p>\n<h2 class=\"arrow-header\">P\u00eache sur glace<\/h2>\n<p>Nous offrons maintenant des excursions de p\u00eache sur glace.<br \/>\nNous pouvons accepter les groupes sur demande.<\/p>\n<table class=\"rates-table\">\n<tbody>\n<tr>\n<th>Adulte<\/th>\n<th>Enfant de moins de 10 ans<\/th>\n<\/tr>\n<tr>\n<td>Par personne<\/td>\n<td><\/td>\n<\/tr>\n<tr>\n<td><strong>125,00$<\/strong><\/td>\n<td><strong>GRATUIT<\/strong><\/td>\n<\/tr>\n<\/tbody>\n<\/table>\n<p>* Tous les articles de p\u00eache sont inclus<\/p>\n<\/div>\n<div class=\"col-right\">\n<div class=\"page-header\">\n<h2>Faire une r\u00e9servation<\/h2>\n<\/div>\n\n<div class=\"wpcf7 no-js\" id=\"wpcf7-f175-o3\" lang=\"en-US\" dir=\"ltr\" data-wpcf7-id=\"175\">\n<div class=\"screen-reader-response\"><p role=\"status\" aria-live=\"polite\" aria-atomic=\"true\"><\/p> <ul><\/ul><\/div>\n<form action=\"\/fr\/wp-json\/wp\/v2\/pages\/9#wpcf7-f175-o3\" method=\"post\" class=\"wpcf7-form init\" aria-label=\"Contact form\" novalidate=\"novalidate\" data-status=\"init\">\n<fieldset class=\"hidden-fields-container\"><input type=\"hidden\" name=\"_wpcf7\" value=\"175\" \/><input type=\"hidden\" name=\"_wpcf7_version\" value=\"6.1.4\" \/><input type=\"hidden\" name=\"_wpcf7_locale\" value=\"en_US\" \/><input type=\"hidden\" name=\"_wpcf7_unit_tag\" value=\"wpcf7-f175-o3\" \/><input type=\"hidden\" name=\"_wpcf7_container_post\" value=\"0\" \/><input type=\"hidden\" name=\"_wpcf7_posted_data_hash\" value=\"\" \/>\n<\/fieldset>\n<div class=\"contact-form compact\">\n\t<p><span class=\"wpcf7-form-control-wrap\" data-name=\"your-name\"><input size=\"40\" maxlength=\"400\" class=\"wpcf7-form-control wpcf7-text wpcf7-validates-as-required\" aria-required=\"true\" aria-invalid=\"false\" placeholder=\"Nom\" value=\"\" type=\"text\" name=\"your-name\" \/><\/span>\n\t<\/p>\n\t<p><span class=\"wpcf7-form-control-wrap\" data-name=\"your-email\"><input size=\"40\" maxlength=\"400\" class=\"wpcf7-form-control wpcf7-email wpcf7-validates-as-required wpcf7-text wpcf7-validates-as-email\" aria-required=\"true\" aria-invalid=\"false\" placeholder=\"Courriel\" value=\"\" type=\"email\" name=\"your-email\" \/><\/span>\n\t<\/p>\n\t<p><span class=\"wpcf7-form-control-wrap\" data-name=\"your-subject\"><input size=\"40\" maxlength=\"400\" class=\"wpcf7-form-control wpcf7-tel wpcf7-text wpcf7-validates-as-tel\" aria-invalid=\"false\" placeholder=\"T\u00e9l\u00e9phone\" value=\"\" type=\"tel\" name=\"your-subject\" \/><\/span>\n\t<\/p>\n\t<p><span class=\"wpcf7-form-control-wrap\" data-name=\"message\"><textarea cols=\"40\" rows=\"6\" maxlength=\"2000\" class=\"wpcf7-form-control wpcf7-textarea wpcf7-validates-as-required\" aria-required=\"true\" aria-invalid=\"false\" placeholder=\"Message\" name=\"message\"><\/textarea><\/span>\n\t<\/p>\n<div class=\"wpcf7-turnstile cf-turnstile\" data-sitekey=\"0x4AAAAAACDzX2Bgt0WbDgXs\" data-response-field-name=\"_wpcf7_turnstile_response\" data-appearance=\"interaction-only\" data-size=\"normal\" data-theme=\"light\" data-language=\"fr\"><\/div>\n\t<div style=\"text-align:center; position:relative\">\n\t\t<p><input class=\"wpcf7-form-control wpcf7-submit has-spinner btn\" type=\"submit\" value=\"R\u00e9server ma place!\" \/>\n\t\t<\/p>\n\t<\/div>\n<\/div>\n<style>\n.wpcf7-spinner { position: absolute; top: 50%; left: 50%; transform: translate(-50%, -50%); margin: 0; }\n.mobile-contact .wpcf7-turnstile { transform-origin: top left; transform: scale(min(1,calc(34.0625rem\/300px))); }\n.banner-contact .wpcf7-turnstile { transform-origin: top left; transform: scale(calc(12.5rem\/300px)); }\n.col-right .wpcf7-turnstile { height: 80px; text-align: center; transform-origin: top left; transform: scale(min(1,calc(20.625rem\/300px))); }\n<\/style>\n<p><script>\ndocument.addEventListener( 'wpcf7mailsent', function( event ) {\n setTimeout(function() {\n \/\/ Use jQuery to select the element and apply effects\n jQuery('.wpcf7-response-output').fadeOut('slow').hide(0);\n }, 2000);\n}, false );\n<\/script>\n<\/p><div class=\"wpcf7-response-output\" aria-hidden=\"true\"><\/div>\n<\/form>\n<\/div>\n\n<\/div>\n<table class=\"info-table\">\n<tbody>\n<tr>\n<th>\n<div class=\"page-header\">\n<h2>Assurez-vous d&rsquo;apporter<\/h2>\n<\/div>\n<\/th>\n<th>\n<div class=\"page-header\">\n<h2>Informations sur le bateau<\/h2>\n<\/div>\n<\/th>\n<\/tr>\n<tr>\n<td>\n<ul class=\"Quoi apporter\">\n<li>Cam\u00e9ra<\/li>\n<li>V\u00eatements ad\u00e9quats<\/li>\n<li>Chapeau, lunettes de soleil, et cr\u00e8me solaire<\/li>\n<li>Imperm\u00e9able (si n\u00e9cessaire)<\/li>\n<li>Lunch, collations et breuvages<\/li>\n<li>PAS d&rsquo;alcool<\/li>\n<\/ul>\n<\/td>\n<td>\n<ul class=\"check-list\">\n<li>Bateau <em>Ranger<\/em> 621 Multi-esp\u00e8ces<\/li>\n<li>Moteur <em>Mercury<\/em> 250 EFI<\/li>\n<li>Moteur 9.9 <em>Mercury<\/em> 4 temps<\/li>\n<li>Moteur \u00e9lectrique <small><em>Motor Guide<\/em><\/small> 36 Volt &amp; GPS<\/li>\n<li>S\u00e9curit\u00e9: Radio Marine &amp; cellulaire<\/li>\n<li>Cam\u00e9ra pour de belles photos<\/li>\n<li>\u00c9quipements de p\u00eaches fournis<\/li>\n<li>Assurance professionnelle compl\u00e8te<\/li>\n<\/ul>\n<\/td>\n<\/tr>\n<\/tbody>\n<\/table>\n<div class=\"is-blue\">\n<div class=\"mobile-contact\">\n\t<i class=\"fish\"><\/i>\n\t<h3>P\u00eache guid\u00e9e<br><span>R\u00e9servez maintenant!<\/span><\/h3>\n\t\n<div class=\"wpcf7 no-js\" id=\"wpcf7-f175-o4\" lang=\"en-US\" dir=\"ltr\" data-wpcf7-id=\"175\">\n<div class=\"screen-reader-response\"><p role=\"status\" aria-live=\"polite\" aria-atomic=\"true\"><\/p> <ul><\/ul><\/div>\n<form action=\"\/fr\/wp-json\/wp\/v2\/pages\/9#wpcf7-f175-o4\" method=\"post\" class=\"wpcf7-form init\" aria-label=\"Contact form\" novalidate=\"novalidate\" data-status=\"init\">\n<fieldset class=\"hidden-fields-container\"><input type=\"hidden\" name=\"_wpcf7\" value=\"175\" \/><input type=\"hidden\" name=\"_wpcf7_version\" value=\"6.1.4\" \/><input type=\"hidden\" name=\"_wpcf7_locale\" value=\"en_US\" \/><input type=\"hidden\" name=\"_wpcf7_unit_tag\" value=\"wpcf7-f175-o4\" \/><input type=\"hidden\" name=\"_wpcf7_container_post\" value=\"0\" \/><input type=\"hidden\" name=\"_wpcf7_posted_data_hash\" value=\"\" \/>\n<\/fieldset>\n<div class=\"contact-form compact\">\n\t<p><span class=\"wpcf7-form-control-wrap\" data-name=\"your-name\"><input size=\"40\" maxlength=\"400\" class=\"wpcf7-form-control wpcf7-text wpcf7-validates-as-required\" aria-required=\"true\" aria-invalid=\"false\" placeholder=\"Nom\" value=\"\" type=\"text\" name=\"your-name\" \/><\/span>\n\t<\/p>\n\t<p><span class=\"wpcf7-form-control-wrap\" data-name=\"your-email\"><input size=\"40\" maxlength=\"400\" class=\"wpcf7-form-control wpcf7-email wpcf7-validates-as-required wpcf7-text wpcf7-validates-as-email\" aria-required=\"true\" aria-invalid=\"false\" placeholder=\"Courriel\" value=\"\" type=\"email\" name=\"your-email\" \/><\/span>\n\t<\/p>\n\t<p><span class=\"wpcf7-form-control-wrap\" data-name=\"your-subject\"><input size=\"40\" maxlength=\"400\" class=\"wpcf7-form-control wpcf7-tel wpcf7-text wpcf7-validates-as-tel\" aria-invalid=\"false\" placeholder=\"T\u00e9l\u00e9phone\" value=\"\" type=\"tel\" name=\"your-subject\" \/><\/span>\n\t<\/p>\n\t<p><span class=\"wpcf7-form-control-wrap\" data-name=\"message\"><textarea cols=\"40\" rows=\"6\" maxlength=\"2000\" class=\"wpcf7-form-control wpcf7-textarea wpcf7-validates-as-required\" aria-required=\"true\" aria-invalid=\"false\" placeholder=\"Message\" name=\"message\"><\/textarea><\/span>\n\t<\/p>\n<div class=\"wpcf7-turnstile cf-turnstile\" data-sitekey=\"0x4AAAAAACDzX2Bgt0WbDgXs\" data-response-field-name=\"_wpcf7_turnstile_response\" data-appearance=\"interaction-only\" data-size=\"normal\" data-theme=\"light\" data-language=\"fr\"><\/div>\n\t<div style=\"text-align:center; position:relative\">\n\t\t<p><input class=\"wpcf7-form-control wpcf7-submit has-spinner btn\" type=\"submit\" value=\"R\u00e9server ma place!\" \/>\n\t\t<\/p>\n\t<\/div>\n<\/div>\n<style>\n.wpcf7-spinner { position: absolute; top: 50%; left: 50%; transform: translate(-50%, -50%); margin: 0; }\n.mobile-contact .wpcf7-turnstile { transform-origin: top left; transform: scale(min(1,calc(34.0625rem\/300px))); }\n.banner-contact .wpcf7-turnstile { transform-origin: top left; transform: scale(calc(12.5rem\/300px)); }\n.col-right .wpcf7-turnstile { height: 80px; text-align: center; transform-origin: top left; transform: scale(min(1,calc(20.625rem\/300px))); }\n<\/style>\n<p><script>\ndocument.addEventListener( 'wpcf7mailsent', function( event ) {\n setTimeout(function() {\n \/\/ Use jQuery to select the element and apply effects\n jQuery('.wpcf7-response-output').fadeOut('slow').hide(0);\n }, 2000);\n}, false );\n<\/script>\n<\/p><div class=\"wpcf7-response-output\" aria-hidden=\"true\"><\/div>\n<\/form>\n<\/div>\n<\/div>\n<\/div>\n<p><\/p>","protected":false},"excerpt":{"rendered":"<p>Horaire et tarifs d&rsquo;Advanced Bassin&rsquo; Plus Advanced Bassin&rsquo; Plus est heureux d&rsquo;offrir des excursions de p\u00eache d&rsquo;une journ\u00e9e ou d&rsquo;une demi-journ\u00e9e. Pour plus d&rsquo;informations sur les lieux de p\u00eache, les saisons et les esp\u00e8ces, consultez la\u00a0page destinations. P\u00eache guid\u00e9e Excursion d&rsquo;une journ\u00e9e Excursion d&rsquo;une demi-journ\u00e9e 8 heures 4 heures 525,00$&hellip; <a class=\"more-link\" href=\"https:\/\/advancedbassin.com\/fr\/prices\/\">Read More &rarr;<\/a><\/p>\n","protected":false},"author":1,"featured_media":0,"parent":0,"menu_order":2,"comment_status":"closed","ping_status":"closed","template":"","meta":{"footnotes":""},"class_list":["post-9","page","type-page","status-publish","hentry"],"_links":{"self":[{"href":"https:\/\/advancedbassin.com\/fr\/wp-json\/wp\/v2\/pages\/9","targetHints":{"allow":["GET"]}}],"collection":[{"href":"https:\/\/advancedbassin.com\/fr\/wp-json\/wp\/v2\/pages"}],"about":[{"href":"https:\/\/advancedbassin.com\/fr\/wp-json\/wp\/v2\/types\/page"}],"author":[{"embeddable":true,"href":"https:\/\/advancedbassin.com\/fr\/wp-json\/wp\/v2\/users\/1"}],"replies":[{"embeddable":true,"href":"https:\/\/advancedbassin.com\/fr\/wp-json\/wp\/v2\/comments?post=9"}],"version-history":[{"count":0,"href":"https:\/\/advancedbassin.com\/fr\/wp-json\/wp\/v2\/pages\/9\/revisions"}],"wp:attachment":[{"href":"https:\/\/advancedbassin.com\/fr\/wp-json\/wp\/v2\/media?parent=9"}],"curies":[{"name":"wp","href":"https:\/\/api.w.org\/{rel}","templated":true}]}}