{"id":8,"date":"2016-07-23T23:27:57","date_gmt":"2016-07-24T03:27:57","guid":{"rendered":"http:\/\/advancedbassin.com\/?page_id=8"},"modified":"2022-03-29T20:29:48","modified_gmt":"2022-03-30T00:29:48","slug":"about-us","status":"publish","type":"page","link":"https:\/\/advancedbassin.com\/fr\/about-us\/","title":{"rendered":"\u00c0 propos"},"content":{"rendered":"<p><\/p>\n<div class=\"page-header\">\n<h1>Rencontrez votre guide de p\u00eache &#8211; Mark Currie<\/h1>\n<p><a class=\"btn\" href=\"\/reservations\/\">R\u00e9server ma place!<\/a><\/p>\n<\/div>\n<p>MARK CURRIE est reconnu comme l&rsquo;un des meilleurs p\u00eacheurs du Qu\u00e9bec depuis de nombreuses ann\u00e9es, s&rsquo;\u00e9tant class\u00e9 plus de trente fois dans les trois premiers rangs ainsi qu&rsquo;\u00e0 de nombreuses reprises dans le top 10 de diverses comp\u00e9titions. D\u00e9tenteur de la prestigieuse \u00abTriple Couronne\u00bb, r\u00e9compensant le P\u00eacheur de l&rsquo;ann\u00e9e, l&rsquo;\u00c9quipe de l&rsquo;ann\u00e9e et le Champion de la classique, ses talents parlent d&rsquo;eux-m\u00eames. Au plus fort de ses ann\u00e9es de tournoi, il a remport\u00e9 \u00e0 plusieurs occasions les titres d&rsquo;\u00c9quipe de l&rsquo;ann\u00e9e et de P\u00eacheur de l&rsquo;ann\u00e9e. En 2010, il est retourn\u00e9 \u00e0 la comp\u00e9tition une fois de plus et s&rsquo;est m\u00e9rit\u00e9 une place au tournoi \u00ab\u00a0Berkley B1\u00a0\u00bb. Ayant domin\u00e9 durant toute la premi\u00e8re journ\u00e9e de comp\u00e9tition, il a termin\u00e9 avec une impressionnante deuxi\u00e8me place.<\/p>\n<p>Il a paru dans le magazine \u00ab\u00a0In-Fisherman\u00a0\u00bb deux fois en tant que guide de l&rsquo;achigan \u00e0 petite bouche au Qu\u00e9bec et en Ontario. Il est parrain\u00e9 par Pure Fishing, bien connu pour ses compagnies telles que Berkley, Fenwick, Abu Garcia et bien d&rsquo;autres. Il a \u00e9galement r\u00e9dig\u00e9 des articles sur l&rsquo;achigan \u00e0 petite et \u00e0 grande bouche pour des journaux locaux et d&rsquo;autres sites Web.<\/p>\n<p>De nombreuses ann\u00e9es de tournois de p\u00eache lui ont laiss\u00e9 un atout tr\u00e8s important, la \u00abpolyvalence\u00bb. En plus de l&rsquo;achigan, il est aussi un p\u00eacheur multi-esp\u00e8ces. Il commence sa saison en avril avec la truite et le saumon, suivis par le dor\u00e9 et le brochet en mai, puis l&rsquo;achigan en juin. Au total, il passe pr\u00e8s de 9 mois par ann\u00e9e sur l&rsquo;eau. Durant les 3 autres, il p\u00eache sur la glace, principalement pour le dor\u00e9 et la perche.<\/p>\n<p>Avec l&rsquo;\u00e9ducation comme but principal, une journ\u00e9e pass\u00e9e sur l&rsquo;eau, avec lui, se r\u00e9v\u00e9lera \u00eatre une exp\u00e9rience d&rsquo;apprentissage m\u00e9morable. En comprenant les sch\u00e9mas comportementaux, vous apprendrez comment p\u00eacher des poissons troph\u00e9es sous diverses conditions. Les techniques de tournoi qu&rsquo;il a d\u00e9velopp\u00e9es et raffin\u00e9es au fil des ans vous seront enseign\u00e9es, alors que vous attraperez les poissons d&rsquo;eau douce les plus difficiles \u00e0 capturer.<\/p>\n<div class=\"is-blue\">\n<div class=\"mobile-contact\">\n\t<i class=\"fish\"><\/i>\n\t<h3>P\u00eache guid\u00e9e<br><span>R\u00e9servez maintenant!<\/span><\/h3>\n\t\n<div class=\"wpcf7 no-js\" id=\"wpcf7-f175-o2\" lang=\"en-US\" dir=\"ltr\" data-wpcf7-id=\"175\">\n<div class=\"screen-reader-response\"><p role=\"status\" aria-live=\"polite\" aria-atomic=\"true\"><\/p> <ul><\/ul><\/div>\n<form action=\"\/fr\/wp-json\/wp\/v2\/pages\/8#wpcf7-f175-o2\" method=\"post\" class=\"wpcf7-form init\" aria-label=\"Contact form\" novalidate=\"novalidate\" data-status=\"init\">\n<fieldset class=\"hidden-fields-container\"><input type=\"hidden\" name=\"_wpcf7\" value=\"175\" \/><input type=\"hidden\" name=\"_wpcf7_version\" value=\"6.1.4\" \/><input type=\"hidden\" name=\"_wpcf7_locale\" value=\"en_US\" \/><input type=\"hidden\" name=\"_wpcf7_unit_tag\" value=\"wpcf7-f175-o2\" \/><input type=\"hidden\" name=\"_wpcf7_container_post\" value=\"0\" \/><input type=\"hidden\" name=\"_wpcf7_posted_data_hash\" value=\"\" \/>\n<\/fieldset>\n<div class=\"contact-form compact\">\n\t<p><span class=\"wpcf7-form-control-wrap\" data-name=\"your-name\"><input size=\"40\" maxlength=\"400\" class=\"wpcf7-form-control wpcf7-text wpcf7-validates-as-required\" aria-required=\"true\" aria-invalid=\"false\" placeholder=\"Nom\" value=\"\" type=\"text\" name=\"your-name\" \/><\/span>\n\t<\/p>\n\t<p><span class=\"wpcf7-form-control-wrap\" data-name=\"your-email\"><input size=\"40\" maxlength=\"400\" class=\"wpcf7-form-control wpcf7-email wpcf7-validates-as-required wpcf7-text wpcf7-validates-as-email\" aria-required=\"true\" aria-invalid=\"false\" placeholder=\"Courriel\" value=\"\" type=\"email\" name=\"your-email\" \/><\/span>\n\t<\/p>\n\t<p><span class=\"wpcf7-form-control-wrap\" data-name=\"your-subject\"><input size=\"40\" maxlength=\"400\" class=\"wpcf7-form-control wpcf7-tel wpcf7-text wpcf7-validates-as-tel\" aria-invalid=\"false\" placeholder=\"T\u00e9l\u00e9phone\" value=\"\" type=\"tel\" name=\"your-subject\" \/><\/span>\n\t<\/p>\n\t<p><span class=\"wpcf7-form-control-wrap\" data-name=\"message\"><textarea cols=\"40\" rows=\"6\" maxlength=\"2000\" class=\"wpcf7-form-control wpcf7-textarea wpcf7-validates-as-required\" aria-required=\"true\" aria-invalid=\"false\" placeholder=\"Message\" name=\"message\"><\/textarea><\/span>\n\t<\/p>\n<div class=\"wpcf7-turnstile cf-turnstile\" data-sitekey=\"0x4AAAAAACDzX2Bgt0WbDgXs\" data-response-field-name=\"_wpcf7_turnstile_response\" data-appearance=\"interaction-only\" data-size=\"normal\" data-theme=\"light\" data-language=\"fr\"><\/div>\n\t<div style=\"text-align:center; position:relative\">\n\t\t<p><input class=\"wpcf7-form-control wpcf7-submit has-spinner btn\" type=\"submit\" value=\"R\u00e9server ma place!\" \/>\n\t\t<\/p>\n\t<\/div>\n<\/div>\n<style>\n.wpcf7-spinner { position: absolute; top: 50%; left: 50%; transform: translate(-50%, -50%); margin: 0; }\n.mobile-contact .wpcf7-turnstile { transform-origin: top left; transform: scale(min(1,calc(34.0625rem\/300px))); }\n.banner-contact .wpcf7-turnstile { transform-origin: top left; transform: scale(calc(12.5rem\/300px)); }\n.col-right .wpcf7-turnstile { height: 80px; text-align: center; transform-origin: top left; transform: scale(min(1,calc(20.625rem\/300px))); }\n<\/style>\n<p><script>\ndocument.addEventListener( 'wpcf7mailsent', function( event ) {\n setTimeout(function() {\n \/\/ Use jQuery to select the element and apply effects\n jQuery('.wpcf7-response-output').fadeOut('slow').hide(0);\n }, 2000);\n}, false );\n<\/script>\n<\/p><div class=\"wpcf7-response-output\" aria-hidden=\"true\"><\/div>\n<\/form>\n<\/div>\n<\/div>\n<\/div>\n<p><aside class=\"section section-gallery text\"><div class=\"widget-title\"><h2>Les types de p\u00eache qu'<em>Advanced Bassin<\/em> offre<\/h2><\/div><ul class=\"trophy-case\"><li><a href=\"https:\/\/advancedbassin.com\/fr\/gallery\/walleye\/\"><img loading=\"lazy\" decoding=\"async\" width=\"294\" height=\"225\" src=\"https:\/\/advancedbassin.com\/uploads\/2016\/07\/039dc73c8195c44c5ad259f7cc943fcc-294x225.jpg\" class=\"attachment-medium size-medium\" alt=\"\" \/><span class=\"trophy\"><span class=\"board\"><img loading=\"lazy\" decoding=\"async\" width=\"160\" height=\"80\" src=\"https:\/\/advancedbassin.com\/uploads\/2016\/07\/fish-walleye.png\" class=\"attachment-post-thumbnail size-post-thumbnail wp-post-image\" alt=\"\" \/><\/span><span class=\"name\">Dor\u00e9<\/span><\/span><\/a><li><a href=\"https:\/\/advancedbassin.com\/fr\/gallery\/bass\/\"><img loading=\"lazy\" decoding=\"async\" width=\"274\" height=\"225\" src=\"https:\/\/advancedbassin.com\/uploads\/2016\/07\/9ae616f0d2d4095aa9efff3fffda5940-274x225.jpg\" class=\"attachment-medium size-medium\" alt=\"\" \/><span class=\"trophy\"><span class=\"board\"><img loading=\"lazy\" decoding=\"async\" width=\"160\" height=\"80\" src=\"https:\/\/advancedbassin.com\/uploads\/2016\/07\/fish-bass.png\" class=\"attachment-post-thumbnail size-post-thumbnail wp-post-image\" alt=\"\" \/><\/span><span class=\"name\">Achigan<\/span><\/span><\/a><li><a href=\"https:\/\/advancedbassin.com\/fr\/gallery\/pike\/\"><img loading=\"lazy\" decoding=\"async\" width=\"300\" height=\"225\" src=\"https:\/\/advancedbassin.com\/uploads\/2016\/07\/1ae02a9264236d69a974b288b09f1059-300x225.jpg\" class=\"attachment-medium size-medium\" alt=\"\" \/><span class=\"trophy\"><span class=\"board\"><img loading=\"lazy\" decoding=\"async\" width=\"160\" height=\"80\" src=\"https:\/\/advancedbassin.com\/uploads\/2016\/07\/fish-pike.png\" class=\"attachment-post-thumbnail size-post-thumbnail wp-post-image\" alt=\"\" \/><\/span><span class=\"name\">Brochet \/ Maskinong\u00e9<\/span><\/span><\/a><li><a href=\"https:\/\/advancedbassin.com\/fr\/gallery\/salmon\/\"><img loading=\"lazy\" decoding=\"async\" width=\"310\" height=\"225\" src=\"https:\/\/advancedbassin.com\/uploads\/2016\/07\/8d8852a8ebbbffcbbfa5f70a278f7451-310x225.jpg\" class=\"attachment-medium size-medium\" alt=\"\" \/><span class=\"trophy\"><span class=\"board\"><img loading=\"lazy\" decoding=\"async\" width=\"160\" height=\"80\" src=\"https:\/\/advancedbassin.com\/uploads\/2016\/07\/fish-salmon.png\" class=\"attachment-post-thumbnail size-post-thumbnail wp-post-image\" alt=\"\" \/><\/span><span class=\"name\">Saumon \/ Truite \/ arc-en-ciel<\/span><\/span><\/a><li><a href=\"https:\/\/advancedbassin.com\/fr\/gallery\/sturgeon\/\"><img loading=\"lazy\" decoding=\"async\" width=\"300\" height=\"225\" src=\"https:\/\/advancedbassin.com\/uploads\/2016\/07\/07a9f637698b847f75e8c4b365b817aa-1-300x225.jpg\" class=\"attachment-medium size-medium\" alt=\"\" \/><span class=\"trophy\"><span class=\"board\"><img loading=\"lazy\" decoding=\"async\" width=\"160\" height=\"80\" src=\"https:\/\/advancedbassin.com\/uploads\/2016\/07\/fish-sturgeon.png\" class=\"attachment-post-thumbnail size-post-thumbnail wp-post-image\" alt=\"\" \/><\/span><span class=\"name\">Esturgeon<\/span><\/span><\/a><li><a href=\"https:\/\/advancedbassin.com\/fr\/gallery\/ice-fishing\/\"><img loading=\"lazy\" decoding=\"async\" width=\"323\" height=\"225\" src=\"https:\/\/advancedbassin.com\/uploads\/2016\/07\/cf581a37c679f327a74693f657364b59-323x225.jpg\" class=\"attachment-medium size-medium\" alt=\"\" \/><span class=\"trophy\"><span class=\"board\"><img loading=\"lazy\" decoding=\"async\" width=\"160\" height=\"80\" src=\"https:\/\/advancedbassin.com\/uploads\/2016\/07\/fish-ice-fishing.png\" class=\"attachment-post-thumbnail size-post-thumbnail wp-post-image\" alt=\"\" \/><\/span><span class=\"name\">P\u00eache sur glace<\/span><\/span><\/a><\/ul><\/aside><\/p>","protected":false},"excerpt":{"rendered":"<p>Rencontrez votre guide de p\u00eache &#8211; Mark Currie R\u00e9server ma place! MARK CURRIE est reconnu comme l&rsquo;un des meilleurs p\u00eacheurs du Qu\u00e9bec depuis de nombreuses ann\u00e9es, s&rsquo;\u00e9tant class\u00e9 plus de trente fois dans les trois premiers rangs ainsi qu&rsquo;\u00e0 de nombreuses reprises dans le top 10 de diverses comp\u00e9titions. D\u00e9tenteur&hellip; <a class=\"more-link\" href=\"https:\/\/advancedbassin.com\/fr\/about-us\/\">Read More &rarr;<\/a><\/p>\n","protected":false},"author":1,"featured_media":0,"parent":0,"menu_order":1,"comment_status":"closed","ping_status":"closed","template":"","meta":{"footnotes":""},"class_list":["post-8","page","type-page","status-publish","hentry"],"_links":{"self":[{"href":"https:\/\/advancedbassin.com\/fr\/wp-json\/wp\/v2\/pages\/8","targetHints":{"allow":["GET"]}}],"collection":[{"href":"https:\/\/advancedbassin.com\/fr\/wp-json\/wp\/v2\/pages"}],"about":[{"href":"https:\/\/advancedbassin.com\/fr\/wp-json\/wp\/v2\/types\/page"}],"author":[{"embeddable":true,"href":"https:\/\/advancedbassin.com\/fr\/wp-json\/wp\/v2\/users\/1"}],"replies":[{"embeddable":true,"href":"https:\/\/advancedbassin.com\/fr\/wp-json\/wp\/v2\/comments?post=8"}],"version-history":[{"count":0,"href":"https:\/\/advancedbassin.com\/fr\/wp-json\/wp\/v2\/pages\/8\/revisions"}],"wp:attachment":[{"href":"https:\/\/advancedbassin.com\/fr\/wp-json\/wp\/v2\/media?parent=8"}],"curies":[{"name":"wp","href":"https:\/\/api.w.org\/{rel}","templated":true}]}}