{"id":6,"date":"2016-07-24T03:17:13","date_gmt":"2016-07-24T03:17:13","guid":{"rendered":"http:\/\/advancedbassin.com\/?page_id=6"},"modified":"2017-02-23T13:51:07","modified_gmt":"2017-02-23T18:51:07","slug":"home","status":"publish","type":"page","link":"https:\/\/advancedbassin.com\/fr\/","title":{"rendered":"Accueil"},"content":{"rendered":"<p><aside class=\"section section-gallery no-text\"><div class=\"widget-title\"><h2>Des poissons troph\u00e9es attendent d'\u00eatre p\u00each\u00e9s!<\/h2><\/div><ul class=\"trophy-case\"><li><a href=\"https:\/\/advancedbassin.com\/fr\/gallery\/walleye\/\"><img loading=\"lazy\" decoding=\"async\" width=\"294\" height=\"225\" src=\"https:\/\/advancedbassin.com\/uploads\/2016\/07\/039dc73c8195c44c5ad259f7cc943fcc-294x225.jpg\" class=\"attachment-medium size-medium\" alt=\"\" \/><span class=\"trophy\"><span class=\"board\"><img loading=\"lazy\" decoding=\"async\" width=\"160\" height=\"80\" src=\"https:\/\/advancedbassin.com\/uploads\/2016\/07\/fish-walleye.png\" class=\"attachment-post-thumbnail size-post-thumbnail wp-post-image\" alt=\"\" \/><\/span><span class=\"name\">Dor\u00e9<\/span><\/span><\/a><li><a href=\"https:\/\/advancedbassin.com\/fr\/gallery\/bass\/\"><img loading=\"lazy\" decoding=\"async\" width=\"274\" height=\"225\" src=\"https:\/\/advancedbassin.com\/uploads\/2016\/07\/9ae616f0d2d4095aa9efff3fffda5940-274x225.jpg\" class=\"attachment-medium size-medium\" alt=\"\" \/><span class=\"trophy\"><span class=\"board\"><img loading=\"lazy\" decoding=\"async\" width=\"160\" height=\"80\" src=\"https:\/\/advancedbassin.com\/uploads\/2016\/07\/fish-bass.png\" class=\"attachment-post-thumbnail size-post-thumbnail wp-post-image\" alt=\"\" \/><\/span><span class=\"name\">Achigan<\/span><\/span><\/a><li><a href=\"https:\/\/advancedbassin.com\/fr\/gallery\/pike\/\"><img loading=\"lazy\" decoding=\"async\" width=\"300\" height=\"225\" src=\"https:\/\/advancedbassin.com\/uploads\/2016\/07\/1ae02a9264236d69a974b288b09f1059-300x225.jpg\" class=\"attachment-medium size-medium\" alt=\"\" \/><span class=\"trophy\"><span class=\"board\"><img loading=\"lazy\" decoding=\"async\" width=\"160\" height=\"80\" src=\"https:\/\/advancedbassin.com\/uploads\/2016\/07\/fish-pike.png\" class=\"attachment-post-thumbnail size-post-thumbnail wp-post-image\" alt=\"\" \/><\/span><span class=\"name\">Brochet \/ Maskinong\u00e9<\/span><\/span><\/a><li><a href=\"https:\/\/advancedbassin.com\/fr\/gallery\/salmon\/\"><img loading=\"lazy\" decoding=\"async\" width=\"310\" height=\"225\" src=\"https:\/\/advancedbassin.com\/uploads\/2016\/07\/8d8852a8ebbbffcbbfa5f70a278f7451-310x225.jpg\" class=\"attachment-medium size-medium\" alt=\"\" \/><span class=\"trophy\"><span class=\"board\"><img loading=\"lazy\" decoding=\"async\" width=\"160\" height=\"80\" src=\"https:\/\/advancedbassin.com\/uploads\/2016\/07\/fish-salmon.png\" class=\"attachment-post-thumbnail size-post-thumbnail wp-post-image\" alt=\"\" \/><\/span><span class=\"name\">Saumon \/ Truite \/ arc-en-ciel<\/span><\/span><\/a><li><a href=\"https:\/\/advancedbassin.com\/fr\/gallery\/sturgeon\/\"><img loading=\"lazy\" decoding=\"async\" width=\"300\" height=\"225\" src=\"https:\/\/advancedbassin.com\/uploads\/2016\/07\/07a9f637698b847f75e8c4b365b817aa-1-300x225.jpg\" class=\"attachment-medium size-medium\" alt=\"\" \/><span class=\"trophy\"><span class=\"board\"><img loading=\"lazy\" decoding=\"async\" width=\"160\" height=\"80\" src=\"https:\/\/advancedbassin.com\/uploads\/2016\/07\/fish-sturgeon.png\" class=\"attachment-post-thumbnail size-post-thumbnail wp-post-image\" alt=\"\" \/><\/span><span class=\"name\">Esturgeon<\/span><\/span><\/a><li><a href=\"https:\/\/advancedbassin.com\/fr\/gallery\/ice-fishing\/\"><img loading=\"lazy\" decoding=\"async\" width=\"323\" height=\"225\" src=\"https:\/\/advancedbassin.com\/uploads\/2016\/07\/cf581a37c679f327a74693f657364b59-323x225.jpg\" class=\"attachment-medium size-medium\" alt=\"\" \/><span class=\"trophy\"><span class=\"board\"><img loading=\"lazy\" decoding=\"async\" width=\"160\" height=\"80\" src=\"https:\/\/advancedbassin.com\/uploads\/2016\/07\/fish-ice-fishing.png\" class=\"attachment-post-thumbnail size-post-thumbnail wp-post-image\" alt=\"\" \/><\/span><span class=\"name\">P\u00eache sur glace<\/span><\/span><\/a><\/ul><\/aside><\/p>\n<ul class=\"row\">\n<li class=\"col col-width-fluid\"><div class=\"recent-posts\"><div class=\"widget-title\"><h3>Lisez les rapports de p\u00eache de nos clients r\u00e9cents! (en anglais)<\/h3><\/div><div class=\"widget-content recent-posts\"><ul><li><header class=\"post-title\"><a href=\"https:\/\/advancedbassin.com\/fr\/fishing-report\/2025\/11\/a-cold-morning-grind\/\">A Cold Morning Grind<\/a><span class=\"post-date\">novembre 4, 2025<\/span><\/header><p class=\"post-excerpt\">After 2 days of cancellations due to crappy weather and winds, I was back on the water this morning. Gaetan, Chantal and Michel were with me and we were going straight to a smallmouth spot. I was under the gun to get it done as the weather was going to&hellip; <a class=\"more-link\" href=\"https:\/\/advancedbassin.com\/fr\/fishing-report\/2025\/11\/a-cold-morning-grind\/\">Read More &rarr;<\/a><\/p><\/a><li><header class=\"post-title\"><a href=\"https:\/\/advancedbassin.com\/fr\/fishing-report\/2025\/10\/grinding-it-out-3\/\">Grinding it Out<\/a><span class=\"post-date\">octobre 31, 2025<\/span><\/header><p class=\"post-excerpt\">Day 2 for Stephen &amp; Chris saw us targeting sturgeon, in the rain! We may have gotten to our starting location before it began, but it lasted the entire day. Thankfully we had some shelter under the roof. Anchoring up wasn\u2019t easy with the NE winds, but by using a&hellip; <a class=\"more-link\" href=\"https:\/\/advancedbassin.com\/fr\/fishing-report\/2025\/10\/grinding-it-out-3\/\">Read More &rarr;<\/a><\/p><\/a><li><header class=\"post-title\"><a href=\"https:\/\/advancedbassin.com\/fr\/fishing-report\/2025\/10\/tough-sturgeon-conditions\/\">Tough Sturgeon Conditions<\/a><span class=\"post-date\">octobre 30, 2025<\/span><\/header><p class=\"post-excerpt\">Stephen &amp; Chris wanted to catch their first sturgeon and today we were going to give it a try. Unfortunately, the winds weren\u2019t the best, blowing out of the NE at 10 to 20 knots. Big rollers from the opposing current direction aren\u2019t easy and we were going to have&hellip; <a class=\"more-link\" href=\"https:\/\/advancedbassin.com\/fr\/fishing-report\/2025\/10\/tough-sturgeon-conditions\/\">Read More &rarr;<\/a><\/p><\/a><\/ul><\/div><\/div><\/li>\n<li class=\"col col-width-fixed\"><div class=\"map-section js-map-section\"><div class=\"widget-title\"><h3>La meilleure p\u00eache autour de Montr\u00e9al, Qu\u00e9bec<\/h3><\/div><img decoding=\"async\" class=\"map js-map\" src=\"https:\/\/maps.googleapis.com\/maps\/api\/staticmap?key=AIzaSyBJ-aGS0Q5KiwMReUs9vLgJP8tWGL3rIxk&style=feature:landscape|color:0xd2e4c8&style=feature:road|visibility:simplified&style=feature:road.arterial|visibility:off&style=feature:road|element:labels|visibility:off&style=feature:poi|visibility:off&center=45.3,-73.25&zoom=8&size=430x230&markers=size:small%7Ccolor:0xff0000%7Clabel:%7C45.43042,-73.53085&markers=size:small%7Ccolor:0xff0000%7Clabel:%7C45.39254,-73.81659&markers=size:small%7Ccolor:0xff0000%7Clabel:%7C45.21068,-74.23105&markers=size:small%7Ccolor:0xff0000%7Clabel:%7C45.25764,-72.17823&markers=size:small%7Ccolor:0xff0000%7Clabel:%7C45.03465,-73.12363&markers=size:small%7Ccolor:0xff0000%7Clabel:%7C45.45196,-73.99524&markers=size:small%7Ccolor:0xff0000%7Clabel:%7C45.49981,-74.21787\"><ul class=\"locations-links\"><li><a href=\"\/locations\/#st-lawrence\" data-src=\"https:\/\/maps.googleapis.com\/maps\/api\/staticmap?key=AIzaSyBJ-aGS0Q5KiwMReUs9vLgJP8tWGL3rIxk&style=feature:landscape|color:0xd2e4c8&style=feature:road|visibility:simplified&style=feature:road.arterial|visibility:off&style=feature:road|element:labels|visibility:off&style=feature:poi|visibility:off&center=45.3,-73.25&zoom=8&size=430x230&markers=size:med%7Ccolor:0xff0000%7Clabel:%7C45.43042,-73.53085&markers=size:small%7Ccolor:0xff0000%7Clabel:%7C45.39254,-73.81659&markers=size:small%7Ccolor:0xff0000%7Clabel:%7C45.21068,-74.23105&markers=size:small%7Ccolor:0xff0000%7Clabel:%7C45.25764,-72.17823&markers=size:small%7Ccolor:0xff0000%7Clabel:%7C45.03465,-73.12363&markers=size:small%7Ccolor:0xff0000%7Clabel:%7C45.45196,-73.99524&markers=size:small%7Ccolor:0xff0000%7Clabel:%7C45.49981,-74.21787\">Fleuve St-Laurent<\/a><li><a href=\"\/locations\/#st-louis\" data-src=\"https:\/\/maps.googleapis.com\/maps\/api\/staticmap?key=AIzaSyBJ-aGS0Q5KiwMReUs9vLgJP8tWGL3rIxk&style=feature:landscape|color:0xd2e4c8&style=feature:road|visibility:simplified&style=feature:road.arterial|visibility:off&style=feature:road|element:labels|visibility:off&style=feature:poi|visibility:off&center=45.3,-73.25&zoom=8&size=430x230&markers=size:small%7Ccolor:0xff0000%7Clabel:%7C45.43042,-73.53085&markers=size:med%7Ccolor:0xff0000%7Clabel:%7C45.39254,-73.81659&markers=size:small%7Ccolor:0xff0000%7Clabel:%7C45.21068,-74.23105&markers=size:small%7Ccolor:0xff0000%7Clabel:%7C45.25764,-72.17823&markers=size:small%7Ccolor:0xff0000%7Clabel:%7C45.03465,-73.12363&markers=size:small%7Ccolor:0xff0000%7Clabel:%7C45.45196,-73.99524&markers=size:small%7Ccolor:0xff0000%7Clabel:%7C45.49981,-74.21787\">Lac St-Louis<\/a><li><a href=\"\/locations\/#st-francis\" data-src=\"https:\/\/maps.googleapis.com\/maps\/api\/staticmap?key=AIzaSyBJ-aGS0Q5KiwMReUs9vLgJP8tWGL3rIxk&style=feature:landscape|color:0xd2e4c8&style=feature:road|visibility:simplified&style=feature:road.arterial|visibility:off&style=feature:road|element:labels|visibility:off&style=feature:poi|visibility:off&center=45.3,-73.25&zoom=8&size=430x230&markers=size:small%7Ccolor:0xff0000%7Clabel:%7C45.43042,-73.53085&markers=size:small%7Ccolor:0xff0000%7Clabel:%7C45.39254,-73.81659&markers=size:med%7Ccolor:0xff0000%7Clabel:%7C45.21068,-74.23105&markers=size:small%7Ccolor:0xff0000%7Clabel:%7C45.25764,-72.17823&markers=size:small%7Ccolor:0xff0000%7Clabel:%7C45.03465,-73.12363&markers=size:small%7Ccolor:0xff0000%7Clabel:%7C45.45196,-73.99524&markers=size:small%7Ccolor:0xff0000%7Clabel:%7C45.49981,-74.21787\">Lac St-Fran\u00e7ois<\/a><li><a href=\"\/locations\/#memphremagog\" data-src=\"https:\/\/maps.googleapis.com\/maps\/api\/staticmap?key=AIzaSyBJ-aGS0Q5KiwMReUs9vLgJP8tWGL3rIxk&style=feature:landscape|color:0xd2e4c8&style=feature:road|visibility:simplified&style=feature:road.arterial|visibility:off&style=feature:road|element:labels|visibility:off&style=feature:poi|visibility:off&center=45.3,-73.25&zoom=8&size=430x230&markers=size:small%7Ccolor:0xff0000%7Clabel:%7C45.43042,-73.53085&markers=size:small%7Ccolor:0xff0000%7Clabel:%7C45.39254,-73.81659&markers=size:small%7Ccolor:0xff0000%7Clabel:%7C45.21068,-74.23105&markers=size:med%7Ccolor:0xff0000%7Clabel:%7C45.25764,-72.17823&markers=size:small%7Ccolor:0xff0000%7Clabel:%7C45.03465,-73.12363&markers=size:small%7Ccolor:0xff0000%7Clabel:%7C45.45196,-73.99524&markers=size:small%7Ccolor:0xff0000%7Clabel:%7C45.49981,-74.21787\">Lac Memphr\u00e9magog<\/a><li><a href=\"\/locations\/#missisquoi\" data-src=\"https:\/\/maps.googleapis.com\/maps\/api\/staticmap?key=AIzaSyBJ-aGS0Q5KiwMReUs9vLgJP8tWGL3rIxk&style=feature:landscape|color:0xd2e4c8&style=feature:road|visibility:simplified&style=feature:road.arterial|visibility:off&style=feature:road|element:labels|visibility:off&style=feature:poi|visibility:off&center=45.3,-73.25&zoom=8&size=430x230&markers=size:small%7Ccolor:0xff0000%7Clabel:%7C45.43042,-73.53085&markers=size:small%7Ccolor:0xff0000%7Clabel:%7C45.39254,-73.81659&markers=size:small%7Ccolor:0xff0000%7Clabel:%7C45.21068,-74.23105&markers=size:small%7Ccolor:0xff0000%7Clabel:%7C45.25764,-72.17823&markers=size:med%7Ccolor:0xff0000%7Clabel:%7C45.03465,-73.12363&markers=size:small%7Ccolor:0xff0000%7Clabel:%7C45.45196,-73.99524&markers=size:small%7Ccolor:0xff0000%7Clabel:%7C45.49981,-74.21787\">Baie Missisquoi<br>(Lac Champlain)<\/a><li><a href=\"\/locations\/#two-mountains\" data-src=\"https:\/\/maps.googleapis.com\/maps\/api\/staticmap?key=AIzaSyBJ-aGS0Q5KiwMReUs9vLgJP8tWGL3rIxk&style=feature:landscape|color:0xd2e4c8&style=feature:road|visibility:simplified&style=feature:road.arterial|visibility:off&style=feature:road|element:labels|visibility:off&style=feature:poi|visibility:off&center=45.3,-73.25&zoom=8&size=430x230&markers=size:small%7Ccolor:0xff0000%7Clabel:%7C45.43042,-73.53085&markers=size:small%7Ccolor:0xff0000%7Clabel:%7C45.39254,-73.81659&markers=size:small%7Ccolor:0xff0000%7Clabel:%7C45.21068,-74.23105&markers=size:small%7Ccolor:0xff0000%7Clabel:%7C45.25764,-72.17823&markers=size:small%7Ccolor:0xff0000%7Clabel:%7C45.03465,-73.12363&markers=size:med%7Ccolor:0xff0000%7Clabel:%7C45.45196,-73.99524&markers=size:small%7Ccolor:0xff0000%7Clabel:%7C45.49981,-74.21787\">Lac des Deux-Montagnes<\/a><li><a href=\"\/locations\/#ottawa\" data-src=\"https:\/\/maps.googleapis.com\/maps\/api\/staticmap?key=AIzaSyBJ-aGS0Q5KiwMReUs9vLgJP8tWGL3rIxk&style=feature:landscape|color:0xd2e4c8&style=feature:road|visibility:simplified&style=feature:road.arterial|visibility:off&style=feature:road|element:labels|visibility:off&style=feature:poi|visibility:off&center=45.3,-73.25&zoom=8&size=430x230&markers=size:small%7Ccolor:0xff0000%7Clabel:%7C45.43042,-73.53085&markers=size:small%7Ccolor:0xff0000%7Clabel:%7C45.39254,-73.81659&markers=size:small%7Ccolor:0xff0000%7Clabel:%7C45.21068,-74.23105&markers=size:small%7Ccolor:0xff0000%7Clabel:%7C45.25764,-72.17823&markers=size:small%7Ccolor:0xff0000%7Clabel:%7C45.03465,-73.12363&markers=size:small%7Ccolor:0xff0000%7Clabel:%7C45.45196,-73.99524&markers=size:med%7Ccolor:0xff0000%7Clabel:%7C45.49981,-74.21787\">Rivi\u00e8re des Outaouais<\/a><\/div><\/li>\n<\/ul>\n<p><\/p>","protected":false},"excerpt":{"rendered":"","protected":false},"author":1,"featured_media":0,"parent":0,"menu_order":0,"comment_status":"closed","ping_status":"closed","template":"","meta":{"footnotes":""},"class_list":["post-6","page","type-page","status-publish","hentry"],"_links":{"self":[{"href":"https:\/\/advancedbassin.com\/fr\/wp-json\/wp\/v2\/pages\/6","targetHints":{"allow":["GET"]}}],"collection":[{"href":"https:\/\/advancedbassin.com\/fr\/wp-json\/wp\/v2\/pages"}],"about":[{"href":"https:\/\/advancedbassin.com\/fr\/wp-json\/wp\/v2\/types\/page"}],"author":[{"embeddable":true,"href":"https:\/\/advancedbassin.com\/fr\/wp-json\/wp\/v2\/users\/1"}],"replies":[{"embeddable":true,"href":"https:\/\/advancedbassin.com\/fr\/wp-json\/wp\/v2\/comments?post=6"}],"version-history":[{"count":0,"href":"https:\/\/advancedbassin.com\/fr\/wp-json\/wp\/v2\/pages\/6\/revisions"}],"wp:attachment":[{"href":"https:\/\/advancedbassin.com\/fr\/wp-json\/wp\/v2\/media?parent=6"}],"curies":[{"name":"wp","href":"https:\/\/api.w.org\/{rel}","templated":true}]}}