{"id":13,"date":"2016-07-24T00:50:36","date_gmt":"2016-07-24T04:50:36","guid":{"rendered":"http:\/\/advancedbassin.com\/?page_id=13"},"modified":"2022-03-29T20:30:18","modified_gmt":"2022-03-30T00:30:18","slug":"contact","status":"publish","type":"page","link":"https:\/\/advancedbassin.com\/fr\/contact\/","title":{"rendered":"Contact"},"content":{"rendered":"<p><\/p>\n<div class=\"col-left\">\n<div class=\"page-header\">\n<h1>Informations et prix d&rsquo;un voyage de p\u00eache au Quebec<\/h1>\n<\/div>\n<p><em>Advanced Bassin&rsquo; Plus<\/em> est heureux d\u2019offrir des excursions de p\u00eache d\u2019une journ\u00e9e ou d\u2019une demi-journ\u00e9e selon vos pr\u00e9f\u00e9rences. Pour de plus amples informations \u00e0 propos des sites de p\u00eache, des saisons et des esp\u00e8ces, consultez la page <a href=\"http:\/\/advancedbassin.com\/locations\">destinations<\/a>.<\/p>\n<div class=\"row\">\n<div class=\"col col-1-of-2\">\n<h3>Co\u00fbts<\/h3>\n<p>Excursion d&rsquo;une journ\u00e9e &#8211; 8 heures: <strong>525,00$<\/strong><br \/>\nExcursion d&rsquo;une demi-journ\u00e9e &#8211; 4 heures: <strong>425,00$<\/strong><\/p>\n<p>* Les prix sont pour 2 personnes par excursion.<br \/>\n* 125$ par personne suppl\u00e9mentaire.<\/p>\n<\/div>\n<div class=\"col col-1-of-2\">\n<h3>Contact<\/h3>\n<p>210 rue Sommerset<br \/>\nDollard-des-Ormeaux<br \/>\nQu\u00e9bec, Canada H9G 2G8<\/p>\n<p><b>T\u00e9l\u00e9phone:<\/b> 514-696-1741<br \/>\n<b>Cellulaire:<\/b> 514-944-5338<\/p>\n<\/div>\n<\/div>\n<\/div>\n<div class=\"col-right\">\n<div class=\"page-header\">\n<h2>Faire une r\u00e9servation<\/h2>\n<\/div>\n\n<div class=\"wpcf7 no-js\" id=\"wpcf7-f175-o3\" lang=\"en-US\" dir=\"ltr\" data-wpcf7-id=\"175\">\n<div class=\"screen-reader-response\"><p role=\"status\" aria-live=\"polite\" aria-atomic=\"true\"><\/p> <ul><\/ul><\/div>\n<form action=\"\/fr\/wp-json\/wp\/v2\/pages\/13#wpcf7-f175-o3\" method=\"post\" class=\"wpcf7-form init\" aria-label=\"Contact form\" novalidate=\"novalidate\" data-status=\"init\">\n<fieldset class=\"hidden-fields-container\"><input type=\"hidden\" name=\"_wpcf7\" value=\"175\" \/><input type=\"hidden\" name=\"_wpcf7_version\" value=\"6.1.4\" \/><input type=\"hidden\" name=\"_wpcf7_locale\" value=\"en_US\" \/><input type=\"hidden\" name=\"_wpcf7_unit_tag\" value=\"wpcf7-f175-o3\" \/><input type=\"hidden\" name=\"_wpcf7_container_post\" value=\"0\" \/><input type=\"hidden\" name=\"_wpcf7_posted_data_hash\" value=\"\" \/>\n<\/fieldset>\n<div class=\"contact-form compact\">\n\t<p><span class=\"wpcf7-form-control-wrap\" data-name=\"your-name\"><input size=\"40\" maxlength=\"400\" class=\"wpcf7-form-control wpcf7-text wpcf7-validates-as-required\" aria-required=\"true\" aria-invalid=\"false\" placeholder=\"Nom\" value=\"\" type=\"text\" name=\"your-name\" \/><\/span>\n\t<\/p>\n\t<p><span class=\"wpcf7-form-control-wrap\" data-name=\"your-email\"><input size=\"40\" maxlength=\"400\" class=\"wpcf7-form-control wpcf7-email wpcf7-validates-as-required wpcf7-text wpcf7-validates-as-email\" aria-required=\"true\" aria-invalid=\"false\" placeholder=\"Courriel\" value=\"\" type=\"email\" name=\"your-email\" \/><\/span>\n\t<\/p>\n\t<p><span class=\"wpcf7-form-control-wrap\" data-name=\"your-subject\"><input size=\"40\" maxlength=\"400\" class=\"wpcf7-form-control wpcf7-tel wpcf7-text wpcf7-validates-as-tel\" aria-invalid=\"false\" placeholder=\"T\u00e9l\u00e9phone\" value=\"\" type=\"tel\" name=\"your-subject\" \/><\/span>\n\t<\/p>\n\t<p><span class=\"wpcf7-form-control-wrap\" data-name=\"message\"><textarea cols=\"40\" rows=\"6\" maxlength=\"2000\" class=\"wpcf7-form-control wpcf7-textarea wpcf7-validates-as-required\" aria-required=\"true\" aria-invalid=\"false\" placeholder=\"Message\" name=\"message\"><\/textarea><\/span>\n\t<\/p>\n<div class=\"wpcf7-turnstile cf-turnstile\" data-sitekey=\"0x4AAAAAACDzX2Bgt0WbDgXs\" data-response-field-name=\"_wpcf7_turnstile_response\" data-appearance=\"interaction-only\" data-size=\"normal\" data-theme=\"light\" data-language=\"fr\"><\/div>\n\t<div style=\"text-align:center; position:relative\">\n\t\t<p><input class=\"wpcf7-form-control wpcf7-submit has-spinner btn\" type=\"submit\" value=\"R\u00e9server ma place!\" \/>\n\t\t<\/p>\n\t<\/div>\n<\/div>\n<style>\n.wpcf7-spinner { position: absolute; top: 50%; left: 50%; transform: translate(-50%, -50%); margin: 0; }\n.mobile-contact .wpcf7-turnstile { transform-origin: top left; transform: scale(min(1,calc(34.0625rem\/300px))); }\n.banner-contact .wpcf7-turnstile { transform-origin: top left; transform: scale(calc(12.5rem\/300px)); }\n.col-right .wpcf7-turnstile { height: 80px; text-align: center; transform-origin: top left; transform: scale(min(1,calc(20.625rem\/300px))); }\n<\/style>\n<p><script>\ndocument.addEventListener( 'wpcf7mailsent', function( event ) {\n setTimeout(function() {\n \/\/ Use jQuery to select the element and apply effects\n jQuery('.wpcf7-response-output').fadeOut('slow').hide(0);\n }, 2000);\n}, false );\n<\/script>\n<\/p><div class=\"wpcf7-response-output\" aria-hidden=\"true\"><\/div>\n<\/form>\n<\/div>\n\n<\/div>\n<div class=\"clearfix\"><\/div>\n<div class=\"is-blue is-open\">\n<div class=\"mobile-contact\">\n\t<i class=\"fish\"><\/i>\n\t<h3>P\u00eache guid\u00e9e<br><span>R\u00e9servez maintenant!<\/span><\/h3>\n\t\n<div class=\"wpcf7 no-js\" id=\"wpcf7-f175-o4\" lang=\"en-US\" dir=\"ltr\" data-wpcf7-id=\"175\">\n<div class=\"screen-reader-response\"><p role=\"status\" aria-live=\"polite\" aria-atomic=\"true\"><\/p> <ul><\/ul><\/div>\n<form action=\"\/fr\/wp-json\/wp\/v2\/pages\/13#wpcf7-f175-o4\" method=\"post\" class=\"wpcf7-form init\" aria-label=\"Contact form\" novalidate=\"novalidate\" data-status=\"init\">\n<fieldset class=\"hidden-fields-container\"><input type=\"hidden\" name=\"_wpcf7\" value=\"175\" \/><input type=\"hidden\" name=\"_wpcf7_version\" value=\"6.1.4\" \/><input type=\"hidden\" name=\"_wpcf7_locale\" value=\"en_US\" \/><input type=\"hidden\" name=\"_wpcf7_unit_tag\" value=\"wpcf7-f175-o4\" \/><input type=\"hidden\" name=\"_wpcf7_container_post\" value=\"0\" \/><input type=\"hidden\" name=\"_wpcf7_posted_data_hash\" value=\"\" \/>\n<\/fieldset>\n<div class=\"contact-form compact\">\n\t<p><span class=\"wpcf7-form-control-wrap\" data-name=\"your-name\"><input size=\"40\" maxlength=\"400\" class=\"wpcf7-form-control wpcf7-text wpcf7-validates-as-required\" aria-required=\"true\" aria-invalid=\"false\" placeholder=\"Nom\" value=\"\" type=\"text\" name=\"your-name\" \/><\/span>\n\t<\/p>\n\t<p><span class=\"wpcf7-form-control-wrap\" data-name=\"your-email\"><input size=\"40\" maxlength=\"400\" class=\"wpcf7-form-control wpcf7-email wpcf7-validates-as-required wpcf7-text wpcf7-validates-as-email\" aria-required=\"true\" aria-invalid=\"false\" placeholder=\"Courriel\" value=\"\" type=\"email\" name=\"your-email\" \/><\/span>\n\t<\/p>\n\t<p><span class=\"wpcf7-form-control-wrap\" data-name=\"your-subject\"><input size=\"40\" maxlength=\"400\" class=\"wpcf7-form-control wpcf7-tel wpcf7-text wpcf7-validates-as-tel\" aria-invalid=\"false\" placeholder=\"T\u00e9l\u00e9phone\" value=\"\" type=\"tel\" name=\"your-subject\" \/><\/span>\n\t<\/p>\n\t<p><span class=\"wpcf7-form-control-wrap\" data-name=\"message\"><textarea cols=\"40\" rows=\"6\" maxlength=\"2000\" class=\"wpcf7-form-control wpcf7-textarea wpcf7-validates-as-required\" aria-required=\"true\" aria-invalid=\"false\" placeholder=\"Message\" name=\"message\"><\/textarea><\/span>\n\t<\/p>\n<div class=\"wpcf7-turnstile cf-turnstile\" data-sitekey=\"0x4AAAAAACDzX2Bgt0WbDgXs\" data-response-field-name=\"_wpcf7_turnstile_response\" data-appearance=\"interaction-only\" data-size=\"normal\" data-theme=\"light\" data-language=\"fr\"><\/div>\n\t<div style=\"text-align:center; position:relative\">\n\t\t<p><input class=\"wpcf7-form-control wpcf7-submit has-spinner btn\" type=\"submit\" value=\"R\u00e9server ma place!\" \/>\n\t\t<\/p>\n\t<\/div>\n<\/div>\n<style>\n.wpcf7-spinner { position: absolute; top: 50%; left: 50%; transform: translate(-50%, -50%); margin: 0; }\n.mobile-contact .wpcf7-turnstile { transform-origin: top left; transform: scale(min(1,calc(34.0625rem\/300px))); }\n.banner-contact .wpcf7-turnstile { transform-origin: top left; transform: scale(calc(12.5rem\/300px)); }\n.col-right .wpcf7-turnstile { height: 80px; text-align: center; transform-origin: top left; transform: scale(min(1,calc(20.625rem\/300px))); }\n<\/style>\n<p><script>\ndocument.addEventListener( 'wpcf7mailsent', function( event ) {\n setTimeout(function() {\n \/\/ Use jQuery to select the element and apply effects\n jQuery('.wpcf7-response-output').fadeOut('slow').hide(0);\n }, 2000);\n}, false );\n<\/script>\n<\/p><div class=\"wpcf7-response-output\" aria-hidden=\"true\"><\/div>\n<\/form>\n<\/div>\n<\/div>\n<\/div>\n<p><\/p>","protected":false},"excerpt":{"rendered":"<p>Informations et prix d&rsquo;un voyage de p\u00eache au Quebec Advanced Bassin&rsquo; Plus est heureux d\u2019offrir des excursions de p\u00eache d\u2019une journ\u00e9e ou d\u2019une demi-journ\u00e9e selon vos pr\u00e9f\u00e9rences. Pour de plus amples informations \u00e0 propos des sites de p\u00eache, des saisons et des esp\u00e8ces, consultez la page destinations. Co\u00fbts Excursion d&rsquo;une&hellip; <a class=\"more-link\" href=\"https:\/\/advancedbassin.com\/fr\/contact\/\">Read More &rarr;<\/a><\/p>\n","protected":false},"author":1,"featured_media":0,"parent":0,"menu_order":7,"comment_status":"closed","ping_status":"closed","template":"","meta":{"footnotes":""},"class_list":["post-13","page","type-page","status-publish","hentry"],"_links":{"self":[{"href":"https:\/\/advancedbassin.com\/fr\/wp-json\/wp\/v2\/pages\/13","targetHints":{"allow":["GET"]}}],"collection":[{"href":"https:\/\/advancedbassin.com\/fr\/wp-json\/wp\/v2\/pages"}],"about":[{"href":"https:\/\/advancedbassin.com\/fr\/wp-json\/wp\/v2\/types\/page"}],"author":[{"embeddable":true,"href":"https:\/\/advancedbassin.com\/fr\/wp-json\/wp\/v2\/users\/1"}],"replies":[{"embeddable":true,"href":"https:\/\/advancedbassin.com\/fr\/wp-json\/wp\/v2\/comments?post=13"}],"version-history":[{"count":0,"href":"https:\/\/advancedbassin.com\/fr\/wp-json\/wp\/v2\/pages\/13\/revisions"}],"wp:attachment":[{"href":"https:\/\/advancedbassin.com\/fr\/wp-json\/wp\/v2\/media?parent=13"}],"curies":[{"name":"wp","href":"https:\/\/api.w.org\/{rel}","templated":true}]}}