{"id":11,"date":"2016-07-24T00:49:10","date_gmt":"2016-07-24T04:49:10","guid":{"rendered":"http:\/\/advancedbassin.com\/?page_id=11"},"modified":"2017-04-28T02:29:13","modified_gmt":"2017-04-28T06:29:13","slug":"locations","status":"publish","type":"page","link":"https:\/\/advancedbassin.com\/fr\/locations\/","title":{"rendered":"Destinations"},"content":{"rendered":"<p><\/p>\n<div class=\"page-header\">\n<h1>Lieux de p\u00eaches autour de Montr\u00e9al, Qu\u00e9bec <a class=\"btn\" href=\"\/reservations\/\">R\u00e9servez ma place!<\/a><\/h1>\n<\/div>\n<div class=\"location\">\n<h2>Fleuve St-Laurent<a class=\"anchor\" name=\"st-lawrence\"><\/a><\/h2>\n<p><img loading=\"lazy\" decoding=\"async\" class=\"alignleft size-full wp-image-164\" src=\"http:\/\/advancedbassin.com\/uploads\/2016\/07\/location-st-lawrence.jpg\" alt=\"location-st-lawrence\" width=\"220\" height=\"220\" \/><\/p>\n<p>Commen\u00e7ant \u00e0 l&#8217;embouchure du lac Ontario, le fleuve St-Laurent compte des centaines de kilom\u00e8tres d&rsquo;eau navigable. Tout au long de son parcours, il y a une s\u00e9rie d&rsquo;\u00e9largissements tels le lac St-Fran\u00e7ois, le lac St-Louis ainsi que le lac St-Pierre. Ce syst\u00e8me fluvial est renomm\u00e9 compter parmi les meilleurs pour la p\u00eache \u00e0 l&rsquo;achigan \u00e0 petite bouche vu la quantit\u00e9 et la taille de ces derniers. Les p\u00eacheurs de tournois sont impatients de participer \u00e0 des comp\u00e9titions chaque saison, en pr\u00e9vision de ces petits g\u00e9ants!<\/p>\n<p>Situ\u00e9 \u00e0 quelques minutes de Montr\u00e9al, on peut y admirer une vue spectaculaire de la ville tout en capturant de l&rsquo;achigan dans les courants du puissant fleuve St-Laurent! Si vous pensiez que ces beaut\u00e9s se d\u00e9battent f\u00e9rocement, attendez de voir la puissance qu&rsquo;elles produisent en eau rapide. D&rsquo;un bout \u00e0 l&rsquo;autre, il y a un endroit pour tous afin d&rsquo;utiliser leurs techniques pr\u00e9f\u00e9r\u00e9es. Attrapez de l&rsquo;achigan \u00e0 petite bouche de grande taille et en grande quantit\u00e9 tout au long du fleuve St-Laurent, toute la saison!<\/p>\n<\/div>\n<div class=\"location\">\n<h2>Lac St-Louis<a class=\"anchor\" name=\"st-louis\"><\/a><\/h2>\n<p><img loading=\"lazy\" decoding=\"async\" class=\"alignleft size-full wp-image-158\" src=\"http:\/\/advancedbassin.com\/uploads\/2016\/07\/location-st-louis.jpg\" alt=\"location-st-louis\" width=\"220\" height=\"220\" \/><\/p>\n<p>\u00c0 moins de 15 minutes du centre-ville de Montr\u00e9al, le lac St-Louis est le choix parfait pour les touristes souhaitant avoir une belle exp\u00e9rience de p\u00eache. Il contient une belle vari\u00e9t\u00e9 d&rsquo;esp\u00e8ces d&rsquo;eau douce. Le dor\u00e9 et le brochet ouvrent la saison en mai et il est normal d&rsquo;en attraper beaucoup chaque jour. La p\u00eache \u00e0 la tra\u00eene pour ces esp\u00e8ces sera la plus productive car elles\u00a0sont g\u00e9n\u00e9ralement r\u00e9parties sur de vastes zones du lac apr\u00e8s la fraie. Beaucoup de poissons de qualit\u00e9, ainsi que quelques vrais troph\u00e9es g\u00e9n\u00e8rent des journ\u00e9es de printemps o\u00f9 on peut en attraper facilement 50 par jours. L&rsquo;achigan \u00e0 petite et \u00e0 grande bouche sont \u00e9galement abondants \u00e0 la mi-juin, lorsque la saison d\u00e9bute. Comme pour le brochet et le dor\u00e9, la p\u00eache \u00e0 l&rsquo;achigan est spectaculaire! Dans de bonnes conditions, vous pouvez vous attendre \u00e0 un nombres \u00e9lev\u00e9 de captures. La p\u00eache a la dandinette (<em>jig<\/em>) et la p\u00eache de surface permettent de grands nombres de prises toute la journ\u00e9e! Que ce soit en p\u00eachant autour des structures de roches ou les herbes, ces poissons agressifs testeront vos comp\u00e9tences de p\u00eache au maximum.<\/p>\n<p>Du p\u00eacheur novice au plus exp\u00e9riment\u00e9, ce lac satisfera tout le monde. Plusieurs esp\u00e8ces peuvent \u00eatre vues dans une m\u00eame journ\u00e9e et les journ\u00e9es de <em>\u00abGrand Slams\u00bb<\/em> se produisent fr\u00e9quemment avec des p\u00eacheurs qui attrapent les trois esp\u00e8ces. L&rsquo;\u00e9t\u00e9 et l&rsquo;automne se ressemblent, en gardant les chiffres au-dessus de la moyenne. Bien que quelques ajustements doivent \u00eatre faits en raison des mouvements saisonniers, la p\u00eache reste ph\u00e9nom\u00e9nale. La p\u00eache en eaux profondes (<em>drop shot<\/em>) et certaines pr\u00e9sentations en eaux peu profondes pour attraper des achigans plus agressifs permettent de varier le rythme de la journ\u00e9e. Pour les vrais amateurs, la p\u00e9riode hivernale fournit \u00e9galement une bonne p\u00eache pour le dor\u00e9, le brochet et la perchaude, ce qui en fait une excellente activit\u00e9\u00a0toute l&rsquo;ann\u00e9e.<\/p>\n<\/div>\n<div class=\"location\">\n<h2>Lac St-Fran\u00e7ois<a class=\"anchor\" name=\"st-francis\"><\/a><\/h2>\n<p><img loading=\"lazy\" decoding=\"async\" class=\"alignleft size-full wp-image-163\" src=\"http:\/\/advancedbassin.com\/uploads\/2016\/07\/location-st-francis.jpg\" alt=\"location-st-francis\" width=\"220\" height=\"220\" \/><\/p>\n<p>D\u00e9butant dans la r\u00e9gion des Mille-\u00celes, \u00e0 l&rsquo;est du lac Ontario, le lac St-Fran\u00e7ois fait partie de la voie maritime. Il parcourt plus de 50km \u00e0 travers les villes et les \u00e9cluses jusqu&rsquo;\u00e0 ce qu&rsquo;il arrive dans la r\u00e9gion de Valleyfield et Beauharnois. \u00c0 environ 30 minutes de Montr\u00e9al, une excellente p\u00eache \u00e0 l&rsquo;achigan est possible pour les deux esp\u00e8ces. La p\u00eache \u00e0 la perchaude sur les plateaux de sable dans les eaux peu profondes est comparable \u00e0 celle des poissons d&rsquo;eau sal\u00e9e qui p\u00eachent le <em>bonefish<\/em>. D&rsquo;\u00e9normes silhouettes noires nagent dans ces zones \u00e0 la recherche d&rsquo;un repas facile et des poissons de quatre \u00e0 cinq livres sont une occurrence quotidienne. La p\u00eache en eau profonde au <em>drop shot<\/em> peut produire un nombre \u00e9lev\u00e9 avec de vrais troph\u00e9es. Le Gobie \u00e0 t\u00e2che noire \u00e9tant un poisson-fourrage important, ces achigans ont pris du poids incroyablement rapidement et les poissons de plus de 7 livres sont certainement possible! L&rsquo;achigan \u00e0 grande bouche occupe une zone typique et peut \u00eatre trouv\u00e9 embusqu\u00e9 \u00e0 couvert dans les nombreuses baies sur ce lac. La p\u00eache en eau peu profonde peut produire des g\u00e9ants de plus de 6 livres sur une vari\u00e9t\u00e9 d&rsquo;app\u00e2ts. Beaucoup de couvert permet d&rsquo;utiliser de nombreuses techniques pour capturer ces poissons verts.<\/p>\n<p>La p\u00eache d&rsquo;automne peut \u00eatre la plus spectaculaire de toutes, car il est courant de p\u00eacher de grandes quantit\u00e9s de \u00ab\u00a0petites bouches\u00a0\u00bb. Une grande vari\u00e9t\u00e9 de pr\u00e9sentations pourront \u00eatres utilis\u00e9es pour les traquer. Elles fonctionnent toutes aussi bien \u00e0 certain moments pr\u00e9cis! Cette p\u00eache peut durer jusqu&rsquo;en Novembre et quelques fois, m\u00eame en D\u00e9cembre. Ces derni\u00e8res ann\u00e9es, ce lac est devenu un favori parmi les p\u00eacheurs de tournoi. Dire que ce lac est digne d&rsquo;une bonne p\u00eache \u00e0 la \u00ab\u00a0petite bouche\u00a0\u00bb serait un euph\u00e9misme. J&rsquo;aime me r\u00e9f\u00e9rer ce lac comme notre \u00abpetit Lac \u00c9ri\u00e9\u00bb!<\/p>\n<\/div>\n<div class=\"location\">\n<h2>Lac Memphr\u00e9magog<a class=\"anchor\" name=\"memphremagog\"><\/a><\/h2>\n<p><img loading=\"lazy\" decoding=\"async\" class=\"alignleft size-full wp-image-160\" src=\"http:\/\/advancedbassin.com\/uploads\/2016\/07\/location-memphremagog.jpg\" alt=\"location-memphremagog\" width=\"220\" height=\"220\" \/><\/p>\n<p>Le lac Memphr\u00e9magog, situ\u00e9 principalement au Canada, \u00e0 seulement 110km \u00e0 l&rsquo;est de Montr\u00e9al,chevauche la fronti\u00e8re du Vermont aux \u00c9tats-Unis. Ce lac partag\u00e9 est le joyau de la couronne du royaume du nord-est. Bien que la plus grande partie de ce lac de 40km de long soit au Qu\u00e9bec, 25km<sup>2<\/sup> s&rsquo;\u00e9tendent au Vermont, ce qui le place juste apr\u00e8s le lac Champlain. \u00abMagog\u00bb, comme on l&rsquo;appelle localement, est une \u00e9norme p\u00eacherie \u00e0 deux paliers. Tout d&rsquo;abord de la p\u00eache sur glace en avril et mai pour la truite et la ouananiche donne beaucoup d&rsquo;action. Avec des temp\u00e9ratures d&rsquo;eau froide, ces poissons se nourrissent principalement d&rsquo;app\u00e2ts d&rsquo;\u00e9perlans et de mouches. Il y a une excellente population d&rsquo;achigans \u00e0 petite bouche et ses baies peu profondes soutiennent une bonne population de \u00ab\u00a0grande bouche\u00a0\u00bb.<\/p>\n<p>Avec une abondance de poissons-app\u00e2ts, il n&rsquo;est pas \u00e9tonnant que tant d&rsquo;achigans se rassemblent sur les bancs de nombreuses baies autour de ce lac. Leur nourriture \u00e9tant constamment en mouvement, ces bancs fournissent des zones d&#8217;embuscade, facilitant leur repas. Ces poissons d\u00e9pensent peu d&rsquo;\u00e9nergie jusqu&rsquo;\u00e0 ce qu&rsquo;ils soient bern\u00e9s par les app\u00e2ts des p\u00eacheurs. Tout au long de la saison, ce lac donne d&rsquo;excellentes prises comme ces beaut\u00e9s de bronze qui testeront les comp\u00e9tences de p\u00eache m\u00eame des plus exp\u00e9riment\u00e9s.<\/p>\n<\/div>\n<div class=\"location\">\n<h2>Baie Missisquoi (Lac Champlain)<a class=\"anchor\" name=\"missisquoi\"><\/a><\/h2>\n<p><img loading=\"lazy\" decoding=\"async\" class=\"alignleft size-full wp-image-161\" src=\"http:\/\/advancedbassin.com\/uploads\/2016\/07\/location-mississquoi.jpg\" alt=\"location-missisquoi\" width=\"220\" height=\"220\" \/><\/p>\n<p>Situ\u00e9 \u00e0 l&rsquo;extr\u00e9mit\u00e9 nord du lac Champlain, cette baie ressemble \u00e0 un lac avec plus de 8 km avant d&rsquo;atteindre les eaux du Vermont. Les achigans \u00e0\u00a0petite bouche et \u00e0\u00a0grande bouche prosp\u00e8rent dans cet environnement peu profond. Une vari\u00e9t\u00e9 de techniques et de leurres peuvent \u00eatre utilis\u00e9s pour cibler ces poissons ainsi que les grands brochets.<\/p>\n<p>Des brochets jusqu&rsquo;\u00e0 15 livres sont r\u00e9guli\u00e8rement pris \u00e0 l&rsquo;automne, car ils se d\u00e9placent pour se nourrir sur les \u00e9normes bancs de perchaudes. Avec une profondeur maximale d&rsquo;environ 15 pieds, il est fr\u00e9quent d&rsquo;attraper un m\u00e9lange de plusieurs esp\u00e8ces. En ayant beaucoup de couvert d&rsquo;herbiers, les piles de roches et les quais, ces poissons demeurent en surface tout au long de l&rsquo;ann\u00e9e, ce qui les rend relativement faciles \u00e0 attraper!<\/p>\n<\/div>\n<div class=\"location\">\n<h2>Lac des Deux-Montagnes<a class=\"anchor\" name=\"two-mountains\"><\/a><\/h2>\n<p><img loading=\"lazy\" decoding=\"async\" class=\"alignleft size-full wp-image-159\" src=\"http:\/\/advancedbassin.com\/uploads\/2016\/07\/location-two-mountains.jpg\" alt=\"location-two-mountains\" width=\"220\" height=\"220\" \/><\/p>\n<p>\u00c0 partir du barrage de Carillon, le lac des Deux Montagnes coule vers le sud-est pour environ 45km, o\u00f9 il relie le lac Saint-Louis et rejoint deux autres rivi\u00e8res (des Mille Isles &amp; des Prairies). Plusieurs\u00a0caract\u00e9ristiques de ce lac pr\u00e9sentent de nombreux d\u00e9fis aux p\u00eacheurs. Avec une profondeur moyenne inf\u00e9rieure \u00e0 15 pieds, les roches et les herbiers concentrent bien les achigans \u00e0\u00a0petites bouches.<\/p>\n<p>Les bosses et les bancs sous-marins cach\u00e9s dans l&rsquo;eau plus profonde se pr\u00eatent bien aux techniques de <em>Deep Water Jigging<\/em>. \u00c9tant un environnement d&rsquo;eau sale, l&rsquo;eau de surface peut servir \u00e0 pr\u00e9senter diff\u00e9rents leurres. De puissants impacts se produisent \u00e0 la surface dans les eaux profondes et peu profondes lorsque les achigans agressifs mordent. Les achigans \u00e0 petites et grandes bouches sont pr\u00e9sents et il n&rsquo;est pas rare de les attraper dans la m\u00eame journ\u00e9e.<\/p>\n<\/div>\n<div class=\"location\">\n<h2>Rivi\u00e8re des Outaouais<a class=\"anchor\" name=\"ottawa\"><\/a><\/h2>\n<p><img loading=\"lazy\" decoding=\"async\" class=\"alignleft size-full wp-image-162\" src=\"http:\/\/advancedbassin.com\/uploads\/2016\/07\/location-ottawa.jpg\" alt=\"location-ottawa\" width=\"220\" height=\"220\" \/><\/p>\n<p>Commun\u00e9ment appel\u00e9e <em>Ottawa River<\/em>, cette rivi\u00e8re coule sur plus de 120 kilom\u00e8tres au sud-est, se pliant et tournant fr\u00e9quemment, jusqu&rsquo;\u00e0 ce qu&rsquo;elle se jette dans le lac des Deux Montagnes, au barrage de Carillon. Bien connue pour sa population saine d&rsquo;achigans, cette rivi\u00e8re accueille de nombreux tournois chaque saison.<\/p>\n<p>Une eau peu profonde et plusieurs types d&rsquo;environemments comme des souches, arbres et quenouilles, font de la Rivi\u00e8re des Outaouais un paradis de la p\u00eache. Des achigans de plus de huit livres ont \u00e9t\u00e9 vus, et une p\u00eache de sp\u00e9cimens de plus de quatre \u00e0\u00a0cinq livres n&rsquo;est pas rare. Des populations saines de perchaude, de grand brochet, de dor\u00e9 et de maskinong\u00e9s sont \u00e9galement abondantes dans cette magnifique rivi\u00e8re.<\/p>\n<\/div>\n<p><\/p>","protected":false},"excerpt":{"rendered":"<p>Lieux de p\u00eaches autour de Montr\u00e9al, Qu\u00e9bec R\u00e9servez ma place! Fleuve St-Laurent Commen\u00e7ant \u00e0 l&#8217;embouchure du lac Ontario, le fleuve St-Laurent compte des centaines de kilom\u00e8tres d&rsquo;eau navigable. Tout au long de son parcours, il y a une s\u00e9rie d&rsquo;\u00e9largissements tels le lac St-Fran\u00e7ois, le lac St-Louis ainsi que le&hellip; <a class=\"more-link\" href=\"https:\/\/advancedbassin.com\/fr\/locations\/\">Read More &rarr;<\/a><\/p>\n","protected":false},"author":1,"featured_media":0,"parent":0,"menu_order":4,"comment_status":"closed","ping_status":"closed","template":"","meta":{"footnotes":""},"class_list":["post-11","page","type-page","status-publish","hentry"],"_links":{"self":[{"href":"https:\/\/advancedbassin.com\/fr\/wp-json\/wp\/v2\/pages\/11","targetHints":{"allow":["GET"]}}],"collection":[{"href":"https:\/\/advancedbassin.com\/fr\/wp-json\/wp\/v2\/pages"}],"about":[{"href":"https:\/\/advancedbassin.com\/fr\/wp-json\/wp\/v2\/types\/page"}],"author":[{"embeddable":true,"href":"https:\/\/advancedbassin.com\/fr\/wp-json\/wp\/v2\/users\/1"}],"replies":[{"embeddable":true,"href":"https:\/\/advancedbassin.com\/fr\/wp-json\/wp\/v2\/comments?post=11"}],"version-history":[{"count":0,"href":"https:\/\/advancedbassin.com\/fr\/wp-json\/wp\/v2\/pages\/11\/revisions"}],"wp:attachment":[{"href":"https:\/\/advancedbassin.com\/fr\/wp-json\/wp\/v2\/media?parent=11"}],"curies":[{"name":"wp","href":"https:\/\/api.w.org\/{rel}","templated":true}]}}