{"id":10,"date":"2016-07-24T00:48:40","date_gmt":"2016-07-24T04:48:40","guid":{"rendered":"http:\/\/advancedbassin.com\/?page_id=10"},"modified":"2017-02-23T14:12:04","modified_gmt":"2017-02-23T19:12:04","slug":"reservations","status":"publish","type":"page","link":"https:\/\/advancedbassin.com\/fr\/reservations\/","title":{"rendered":"R\u00e9server"},"content":{"rendered":"<p><\/p>\n<div class=\"page-header\">\n<h1>Pour r\u00e9server avec <em>Advanced Bassin&rsquo; Plus<\/em> aujourd&rsquo;hui &#8211; veuillez suivre le guide ci-dessous:<\/h1>\n<\/div>\n<p>Attrapez les poissons les plus combatifs autour de Montr\u00e9al avec l\u2019un des meilleurs p\u00eacheurs du Qu\u00e9bec!<\/p>\n<p>Joignez-vous \u00e0 <strong>Mark Currie<\/strong> qui, en comp\u00e9tition, s\u2019est class\u00e9 plus de trente fois dans les trois premiers rangs ainsi qu\u2019\u00e0 de nombreuses reprises dans le top 10. Ayant remport\u00e9 la prestigieuse \u00abTriple Couronne\u00bb, qui r\u00e9compense le P\u00eacheur de l\u2019ann\u00e9e, l\u2019\u00c9quipe de l\u2019ann\u00e9e et le Champion de la classique, ses talents parlent d\u2019eux-m\u00eames. Profitez de ses comp\u00e9tences de guide alors qu\u2019il vous apprendra \u00e0 p\u00eacher comme un pro.<\/p>\n<p>\n<div class=\"reserve-wrapper\">\n\t<form class=\"booking-calendar\" method=\"post\">\n\n\t\t<div class=\"widget reserve-step1\">\n\t\t\t<div class=\"widget-title\">\n\t\t\t\t<h2>S\u00e9lectionner la date d\u00e9sir\u00e9e<\/h2>\n\t\t\t<\/div>\n\n\t\t\t<div class=\"content\">\n\t\t\t\t<div id=\"bookingCalendar\"><\/div>\n\t\t\t<\/div>\n\n\t\t\t<input type=\"hidden\" name=\"action\" value=\"booking_submit\">\n\t\t\t<input type=\"hidden\" name=\"bookingDate\">\n\t\t\t<input type=\"hidden\" name=\"bookingType\">\n\t\t\t<input type=\"hidden\" name=\"bookingPrice\">\n\t\t<\/div>\n\t\t<div class=\"widget reserve-step2\">\n\t\t\t<div class=\"widget-title\">\n\t\t\t\t<h2>R\u00e9servation pour le <var id=\"reservation_date\">{{date}}<\/var><\/h2>\n\t\t\t<\/div>\n\n\t\t\t<div class=\"content available\">\n\t\t\t\t<p>P\u00eache multi-esp\u00e8ces (selon les saisons) achigan, dor\u00e9, brochet, maskinong\u00e9, esturgeon, truite, saumon. Les dates des saisons varient pour chaque esp\u00e8ce. Veuillez consulter les chartes pour les saisons.<\/p>\n\t\t\t\t<p>Les tarifs sont pour 2 personnes avec un suppl\u00e9ment de 100$ pour chque personne suppl\u00e9mentaire.<\/p>\n\t\t\t\t<ul class=\"packages js-packages\">\n\t\t\t\t \t<li class=\"package\" id=\"fullDay\">\n\t\t\t\t\t\t<h3>Full Day<\/h3>\n\t\t\t\t\t\t<p class=\"time\"> 7h00 \u00e0 15h00<\/p>\n\t\t\t\t\t\t<p class=\"price\"> 575.00$<\/p>\n\t\t\t\t\t\t<a class=\"reserve\" href=\"#\"> R\u00e9server maintenant<\/a><\/li>\n\t\t\t\t \t<li class=\"package\" id=\"halfDay1\">\n\t\t\t\t\t\t<h3>Avant-midi<\/h3>\n\t\t\t\t\t\t<p class=\"time\">7h00 \u00e0 11h00<\/p>\n\t\t\t\t\t\t<p class=\"price\">475.00$<\/p>\n\t\t\t\t\t\t<a class=\"reserve\" href=\"#\">R\u00e9server maintenant<\/a><\/li>\n\t\t\t\t \t<li class=\"package\" id=\"halfDay2\">\n\t\t\t\t\t\t<h3>Apr\u00e8s-midi<\/h3>\n\t\t\t\t\t\t<p class=\"time\">11h00 \u00e0 15h00<\/p>\n\t\t\t\t\t\t<p class=\"price\">475.00$<\/p>\n\t\t\t\t\t\t<a class=\"reserve\" href=\"#\">R\u00e9server maintenant<\/a><\/li>\n\t\t\t\t<\/ul>\n\t\t\t<\/div>\n\n\t\t\t<div class=\"content unavailable hide\">\n\t\t\t\t<p>Il n'y pas de disponibilit\u00e9s pour la date s\u00e9lectionn\u00e9e.<\/p>\n\t\t\t<\/div>\n\n\t\t\t<div class=\"content past hide\">\n\t\t\t\t<p>La date s\u00e9lectionn\u00e9e est pass\u00e9e!<\/p>\n\t\t\t<\/div>\n\n\t\t\t<div class=\"widget reserve-step3\">\n\t\t\t\t<div class=\"widget-title\">\n\t\t\t\t\t<h2>Options<\/h2>\n\t\t\t\t<\/div>\n\n\t\t\t\t<div class=\"content\">\n\n\t\t\t\t\t<label id=\"bookingParty\">\n\t\t\t\t\t\t<h3>Combien de personnes dans votre excursion?<\/h3>\n\t\t\t\t\t\t<select name=\"bookingParty\"><option value=\"1\">1<\/option><option value=\"2\">2<\/option><option value=\"3\">3<\/option><option value=\"4\">4<\/option><\/select>\n\t\t\t\t\t<\/label>\n\n\t\t\t\t\t<label id=\"bookingDays\">\n\t\t\t\t\t\t<h3>Combien de jours \u00e0 votre excursion?<\/h3>\n\t\t\t\t\t\t<select name=\"bookingDays\">\n\t\t\t\t\t\t\t<option value=\"1\">1<\/option>\n\t\t\t\t\t\t<\/select>\n\t\t\t\t\t<\/label>\n\n\t\t\t\t\t<label id=\"bookingCosts\">\n\t\t\t\t\t\t<h3>Co\u00fbt final: <var id=\"bookingPrice\"><\/var><\/h3>\n\t\t\t\t\t<\/label>\n\t\t\t\t<\/div>\n\t\t\t<\/div>\n\t\t<\/div>\n\n\n\t\t<div class=\"widget reserve-step4\">\n\t\t\t<div class=\"widget-title\">\n\t\t\t\t<h2>Informations sur le client<\/h2>\n\t\t\t<\/div>\n\n\t\t\t<div class=\"content\">\n\n\t\t\t\t<label>\n\t\t\t\t\t<h3>Commentaires<\/h3>\n\t\t\t\t\t<textarea name=\"bookingNotes\"><\/textarea>\n\t\t\t\t<\/label>\n\t\t\t\t<label>\n\t\t\t\t\t<h3>Nom*<\/h3>\n\t\t\t\t\t<input type=\"text\" name=\"bookingName\" required>\n\t\t\t\t<\/label>\n\t\t\t\t<label>\n\t\t\t\t\t<h3>Courriel*<\/h3>\n\t\t\t\t\t<input type=\"email\" name=\"bookingEmail\" required>\n\t\t\t\t<\/label>\n\t\t\t\t<label>\n\t\t\t\t\t<h3>T\u00e9l\u00e9phone*<\/h3>\n\t\t\t\t\t<input type=\"phone\" name=\"bookingPhone\" required>\n\t\t\t\t<\/label>\n\n\t\t\t\t<div class=\"submit\">\n\t\t\t\t\t<button class=\"btn\" type=\"submit\">R\u00e9server maintenant!<\/button>\n\t\t\t\t<\/div>\n\t\t\t<\/div>\n\t\t<\/div>\n\t<\/form>\n<\/div>\n\n\n<div class=\"widget reserve-confirm\" style=\"display: none;\">\n\t<div class=\"widget-title\">\n\t\t<h2>Confirmation de la r\u00e9servation<\/h2>\n\t<\/div>\n\t<div class=\"content clearfix\">\n\t\t<p>Votre r\u00e9servation a \u00e9t\u00e9 envoy\u00e9e \u00e0 l'\u00e9quipe d'Advanced Bassin' Plus! Nous allons communiquer avec vous dans les prochaines 12 \u00e0 24 heures pour confirmer votre r\u00e9servation, r\u00e9pondre \u00e0 vos questions et confirmer les d\u00e9tails du paiement. Merci d'avoir r\u00e9serv\u00e9 votre prochaine excursion avec Mark Currie et Advanced Bassin' Plus.<\/p>\n\t\t<div class=\"col-left\">\n\t\t\t<h3>Factur\u00e9 \u00e0:<\/h3>\n\t\t\t<p>\n\t\t\t\tNom: <var id=\"confirmName\"><\/var><br>\n\t\t\t\tCourriel: <var id=\"confirmEmail\"><\/var><br>\n\t\t\t\tT\u00e9l\u00e9phone: <var id=\"confirmPhone\"><\/var><br>\n\t\t\t<\/p>\n\n\t\t\t<h3>Sommaire de la r\u00e9servation<\/h3>\n\t\t\t<div class=\"summary\"><var id=\"confirmSummary\"><\/var><\/div>\n\t\t<\/div>\n\t\t<div class=\"col-right\">\n\t\t\t<div class=\"reminder\">\n\t\t\t\t<h4>Assurez-vous d\u2019apporter:<\/h4>\n\t\t\t\t<ul>\n\t\t\t\t\t<li>Permis de p\u00eache<\/li>\n\t\t\t\t\t<li>Cam\u00e9ra<\/li>\n\t\t\t\t\t<li>V\u00eatements ad\u00e9quats<\/li>\n\t\t\t\t\t<li>Chapeau, lunettes de soleil et cr\u00e8me solaire<\/li>\n\t\t\t\t\t<li>Imperm\u00e9able (si n\u00e9cessaire)<\/li>\n\t\t\t\t\t<li>D\u00e9jeuner, collations et boissons<\/li>\n\t\t\t\t\t<li>PAS d'alcool s'il vous pla\u00eet<\/li>\n\t\t\t\t<\/ul>\n\t\t\t<\/div>\n\t\t<\/div>\n\t<\/div>\n<\/div>\n\n\n<\/p>","protected":false},"excerpt":{"rendered":"<p>Pour r\u00e9server avec Advanced Bassin&rsquo; Plus aujourd&rsquo;hui &#8211; veuillez suivre le guide ci-dessous: Attrapez les poissons les plus combatifs autour de Montr\u00e9al avec l\u2019un des meilleurs p\u00eacheurs du Qu\u00e9bec! Joignez-vous \u00e0 Mark Currie qui, en comp\u00e9tition, s\u2019est class\u00e9 plus de trente fois dans les trois premiers rangs ainsi qu\u2019\u00e0 de&hellip; <a class=\"more-link\" href=\"https:\/\/advancedbassin.com\/fr\/reservations\/\">Read More &rarr;<\/a><\/p>\n","protected":false},"author":1,"featured_media":0,"parent":0,"menu_order":3,"comment_status":"closed","ping_status":"closed","template":"","meta":{"footnotes":""},"class_list":["post-10","page","type-page","status-publish","hentry"],"_links":{"self":[{"href":"https:\/\/advancedbassin.com\/fr\/wp-json\/wp\/v2\/pages\/10","targetHints":{"allow":["GET"]}}],"collection":[{"href":"https:\/\/advancedbassin.com\/fr\/wp-json\/wp\/v2\/pages"}],"about":[{"href":"https:\/\/advancedbassin.com\/fr\/wp-json\/wp\/v2\/types\/page"}],"author":[{"embeddable":true,"href":"https:\/\/advancedbassin.com\/fr\/wp-json\/wp\/v2\/users\/1"}],"replies":[{"embeddable":true,"href":"https:\/\/advancedbassin.com\/fr\/wp-json\/wp\/v2\/comments?post=10"}],"version-history":[{"count":0,"href":"https:\/\/advancedbassin.com\/fr\/wp-json\/wp\/v2\/pages\/10\/revisions"}],"wp:attachment":[{"href":"https:\/\/advancedbassin.com\/fr\/wp-json\/wp\/v2\/media?parent=10"}],"curies":[{"name":"wp","href":"https:\/\/api.w.org\/{rel}","templated":true}]}}